{"id":820,"date":"2025-03-03T13:48:44","date_gmt":"2025-03-03T12:48:44","guid":{"rendered":"https:\/\/testverein.org\/?page_id=820"},"modified":"2025-03-04T11:53:46","modified_gmt":"2025-03-04T10:53:46","slug":"elementor-820","status":"publish","type":"page","link":"https:\/\/testverein.org\/index.php\/elementor-820\/","title":{"rendered":"Elementor #820"},"content":{"rendered":"\t\t<div data-elementor-type=\"wp-post\" data-elementor-id=\"820\" class=\"elementor elementor-820\">\n\t\t\t\t\t\t<section class=\"elementor-section elementor-top-section elementor-element elementor-element-52f2c6f elementor-section-boxed elementor-section-height-default elementor-section-height-default\" data-id=\"52f2c6f\" data-element_type=\"section\" data-e-type=\"section\">\n\t\t\t\t\t\t<div class=\"elementor-container elementor-column-gap-default\">\n\t\t\t\t\t<div class=\"elementor-column elementor-col-100 elementor-top-column elementor-element elementor-element-6588e8e\" data-id=\"6588e8e\" data-element_type=\"column\" data-e-type=\"column\">\n\t\t\t<div class=\"elementor-widget-wrap elementor-element-populated\">\n\t\t\t\t\t\t<div class=\"elementor-element elementor-element-11a3ae0 elementor-widget elementor-widget-html\" data-id=\"11a3ae0\" data-element_type=\"widget\" data-e-type=\"widget\" data-widget_type=\"html.default\">\n\t\t\t\t<div class=\"elementor-widget-container\">\n\t\t\t\t\t<div style=\"text-align: center;\"><iframe width=\"215\" height=\"215\" src=\"https:\/\/easyverein.com\/public\/SSEV2\/iframe?whitelabel=true&foreground=ffffff&background=0000ff\" style=\"border:none;\"><\/iframe><br><small><a href=\"https:\/\/easyverein.com\" style=\"text-decoration: none; color: #878787;\" title=\"Vereinsverwaltungssoftware easyVerein\">Vereinsverwaltung von easyVerein<\/a><\/small><\/div>\t\t\t\t<\/div>\n\t\t\t\t<\/div>\n\t\t\t\t\t<\/div>\n\t\t<\/div>\n\t\t\t\t\t<\/div>\n\t\t<\/section>\n\t\t\t\t<section class=\"elementor-section elementor-top-section elementor-element elementor-element-ddafeac elementor-section-boxed elementor-section-height-default elementor-section-height-default\" data-id=\"ddafeac\" data-element_type=\"section\" data-e-type=\"section\">\n\t\t\t\t\t\t<div class=\"elementor-container elementor-column-gap-default\">\n\t\t\t\t\t<div class=\"elementor-column elementor-col-100 elementor-top-column elementor-element elementor-element-8b0e6aa\" data-id=\"8b0e6aa\" data-element_type=\"column\" data-e-type=\"column\">\n\t\t\t<div class=\"elementor-widget-wrap elementor-element-populated\">\n\t\t\t\t\t\t<div class=\"elementor-element elementor-element-30a65d9 elementor-widget elementor-widget-shortcode\" data-id=\"30a65d9\" data-element_type=\"widget\" data-e-type=\"widget\" data-widget_type=\"shortcode.default\">\n\t\t\t\t<div class=\"elementor-widget-container\">\n\t\t\t\t\t\t\t<div class=\"elementor-shortcode\"><div class=\"easyVerein_calendar\"><div class=\"easyVerein_calendar_event\" style=\"background-color:#54717d; color:#d1d1d1; border-color:#d1d1d1;\"><p class=\"easyVerein_calendar_event_title\"><b>Reservierung f\u00fcr Ferienprogrammgel\u00e4nde<\/b><\/p><p><b>26.04.2026 | 00:00 Uhr - 23:59 Uhr<\/b> Ferienprogrammgel\u00e4nde<\/p><p><a href=\"https:\/\/easyverein.com\/public\/ojreningen\/calendar\/412025661\" target=\"_blank\" style=\"color: #d1d1d1;\">Link zum Termin<\/a><\/p><br><\/div><div class=\"easyVerein_calendar_event\" style=\"background-color:#54717d; color:#d1d1d1; border-color:#d1d1d1;\"><p class=\"easyVerein_calendar_event_title\"><b>Mitgliederversammlung<\/b><\/p><p><b>26.04.2026 | 15:00 Uhr - 18:00 Uhr<\/b> Ferienprogrammgel\u00e4nde<\/p><p><a href=\"https:\/\/easyverein.com\/public\/ojreningen\/calendar\/412024872\" target=\"_blank\" style=\"color: #d1d1d1;\">Link zum Termin<\/a><\/p><br><\/div><div class=\"easyVerein_calendar_event\" style=\"background-color:#54717d; color:#d1d1d1; border-color:#d1d1d1;\"><p class=\"easyVerein_calendar_event_title\"><b>Fahrzeug-\u00dcbergabe Jugendfeuerwehr<\/b><\/p><p><b>27.04.2026 | 17:00 Uhr - 19:00 Uhr<\/b> Feuerwehrhaus<\/p><p><a href=\"https:\/\/easyverein.com\/public\/ojreningen\/calendar\/452808444\" target=\"_blank\" style=\"color: #d1d1d1;\">Link zum Termin<\/a><\/p><br><br><p><p>Liebe Gemcinder\u00e4tinnen und -rate, Vercine und UnterstUtzcr,<br>wir laden Sie herzlich em zur feierlichen Ubergabe unseres lange ersehnten<br>Jugendfeuerwehr-Fahrzeugs, das durch die gro@zUgige Unterstutzung<br>zahlreicher Sponsoren ermoglicht wurde. Mit diesem Fahrzeug gewinnen wir<br>mehr Sicherheit, Jugendarbeit und Zusammenarbeit in unserer Gemeinde<br>denn kUnftig k\u00e4nnen auch alle \u00e4rtlichen Vereine das Fahrzeug mitnutzen und<br>von seiner Einsatzbereitschaft profitieren:<br>Montag, 27. April 2026, 17 Uhr<br>im Hof der Eninger Feuerwehr<br>Im Anschluss an die Fahrzeug-Ubergabo und der Kurzvorstellung der<br>Nutzungsm\u00f6glichkeiten gibt es bei einer Grillwurst und Getr\u00e4nken Gelegenheit<br>zum Austausch und Netzwerken.<br>Wir freuen uns auf Ihr Kommen und darauf, gemeinsam die Einsatzbereitschaft<br>und den Zusammenhalt in unserer Gemeinde weiter zu st\u00e4rken.<\/p><\/p><\/div><div class=\"easyVerein_calendar_event\" style=\"background-color:#54717d; color:#d1d1d1; border-color:#d1d1d1;\"><p class=\"easyVerein_calendar_event_title\"><b>Vorstandssitzung<\/b><\/p><p><b>27.04.2026 | 19:30 Uhr - 21:30 Uhr<\/b> Ferienprogrammgel\u00e4nde<\/p><p><a href=\"https:\/\/easyverein.com\/public\/ojreningen\/calendar\/448734384\" target=\"_blank\" style=\"color: #d1d1d1;\">Link zum Termin<\/a><\/p><br><\/div><div class=\"easyVerein_calendar_event\" style=\"background-color:#54717d; color:#d1d1d1; border-color:#d1d1d1;\"><p class=\"easyVerein_calendar_event_title\"><b>Schutzkonzeptworkshop 2<\/b><\/p><p><b>02.05.2026 | 14:00 Uhr - 17:00 Uhr<\/b> Ferienprogrammgel\u00e4nde<\/p><p><a href=\"https:\/\/easyverein.com\/public\/ojreningen\/calendar\/444390753\" target=\"_blank\" style=\"color: #d1d1d1;\">Link zum Termin<\/a><\/p><br><\/div><div class=\"easyVerein_calendar_event\" style=\"background-color:#54717d; color:#d1d1d1; border-color:#d1d1d1;\"><p class=\"easyVerein_calendar_event_title\"><b>Schulung: Pr\u00e4vention von sexualisierter Gewalt<\/b><\/p><p><b>03.05.2026 | 14:00 Uhr - 18:00 Uhr<\/b> Ferienprogrammgel\u00e4nde<\/p><p><a href=\"https:\/\/easyverein.com\/public\/ojreningen\/calendar\/412030608\" target=\"_blank\" style=\"color: #d1d1d1;\">Link zum Termin<\/a><\/p><br><br><p><p>Sexualisierte Gewalt kann in allen Bereichen des Lebens auftreten \u2013 auch in der Arbeit mit Kindern und Jugendlichen. Als verantwortungsbewusste Jugendleitende tragt ihr eine besondere Verantwortung, pr\u00e4ventiv t\u00e4tig zu werden um Kinder, Jugendliche und sich selbst zu sch\u00fctzen.<\/p><p><strong>Ziele der Schulung:<\/strong><\/p><ul><li>Sensibilisierung f\u00fcr das Thema sexualisierte Gewalt<\/li><li>Erkennen von Risikosituationen und Warnsignalen<\/li><li>Vermittlung von Handlungsm\u00f6glichkeiten im Verdachtsfall<\/li><li>St\u00e4rkung der eigenen Kompetenz im Schutz von Kindern und Jugendlichen und der Jugendleitenden selbst<\/li><\/ul><p><strong>Inhalte der Schulung:<\/strong><\/p><ul><li>Grundlagen und Formen sexualisierter Gewalt<\/li><li>Pr\u00e4ventionsstrategien in der Jugendarbeit<\/li><li>Umgang mit Verdachtsf\u00e4llen und Meldepflichten<\/li><li>Praktische \u00dcbungen zur St\u00e4rkung der Handlungssicherheit<\/li><\/ul><p><strong>Zielgruppe:<\/strong><br>Diese Schulung richtet sich speziell an ehrenamtliche Jugendleitende sowie ehrenamtliche Mitarbeitende in der Kinder- und Jugendarbeit.<\/p><p>Umfang:<br>5 Einheiten \u00e0 45 Minuten.<\/p><p>Bescheinigung:<br>Alle Teilnehmenden erhalten eine Teilnahmebescheinigung. Diese kann f\u00fcr die Beantragung\/Verl\u00e4ngerung der Juleica eingereicht und angerechnet werden.<\/p><p><strong>Zeit und Ort:<\/strong><br>So 03.05.26 14:00 \u2013 18:00 Uhr<br><a href=\"https:\/\/maps.app.goo.gl\/1MurDd43ZB81DwZw5\">Ferienprogrammgel\u00e4nde an der Eiferth\u00f6he \u2013 Gewann Winterhalde 0, 72800 Eningen unter Achalm<\/a><\/p><p><strong>Anmeldung:<\/strong><br><a href=\"https:\/\/ojr-eningen.de\/schulungsanmeldung\/\">ojr-eningen.de\/schulungsanmeldung\/<\/a><br>Die Teilnahme ist kostenlos.<\/p><p>Die Schulung wird dankenswerterweise finanziell gef\u00f6rdert von der Schiefelbeinstiftung sowie mit Getr\u00e4nken durch Getr\u00e4nke Eberwein und Leckereien von der B\u00e4ckerei Sautter.<\/p><p>Wir freuen uns auf eure Teilnahme und darauf, gemeinsam f\u00fcr sichere R\u00e4ume f\u00fcr Kinder und Jugendliche zu sorgen.<\/p><p>Herzliche Gr\u00fc\u00dfe<br><strong>Johannes \u201eJosch\u201c Sch\u00f6berle<\/strong><i><\/i><\/p><\/p><\/div><div class=\"easyVerein_calendar_event\" style=\"background-color:#54717d; color:#d1d1d1; border-color:#d1d1d1;\"><p class=\"easyVerein_calendar_event_title\"><b>Reservierung f\u00fcr Ferienprogrammgel\u00e4nde<\/b><\/p><p><b>03.05.2026 | 14:00 Uhr - 18:00 Uhr<\/b> Ferienprogrammgel\u00e4nde<\/p><p><a href=\"https:\/\/easyverein.com\/public\/ojreningen\/calendar\/412030674\" target=\"_blank\" style=\"color: #d1d1d1;\">Link zum Termin<\/a><\/p><br><br><p><p>Zielgruppe: Ehrenamtliche Jugendleitende<\/p><\/p><\/div><div class=\"easyVerein_calendar_event\" style=\"background-color:#54717d; color:#d1d1d1; border-color:#d1d1d1;\"><p class=\"easyVerein_calendar_event_title\"><b>70 Jahre Waldfreibad - Verein(t) feiern<\/b><\/p><p><b>10.05.2026 | 11:00 Uhr - 16:00 Uhr<\/b> Waldfreibad Eningen<\/p><p><a href=\"https:\/\/easyverein.com\/public\/ojreningen\/calendar\/417363072\" target=\"_blank\" style=\"color: #d1d1d1;\">Link zum Termin<\/a><\/p><br><\/div><div class=\"easyVerein_calendar_event\" style=\"background-color:#54717d; color:#d1d1d1; border-color:#d1d1d1;\"><p class=\"easyVerein_calendar_event_title\"><b>AKJ<\/b><\/p><p><b>09.06.2026 | 18:00 Uhr - 20:00 Uhr<\/b> Kult'19<\/p><p><a href=\"https:\/\/easyverein.com\/public\/ojreningen\/calendar\/412856025\" target=\"_blank\" style=\"color: #d1d1d1;\">Link zum Termin<\/a><\/p><br><\/div><div class=\"easyVerein_calendar_event\" style=\"background-color:#54717d; color:#d1d1d1; border-color:#d1d1d1;\"><p class=\"easyVerein_calendar_event_title\"><b>3a Tina Gauger<\/b><\/p><p><b>13.06.2026 | Ganzt\u00e4gig<\/b> Ferienprogrammgel\u00e4nde<\/p><p><a href=\"https:\/\/easyverein.com\/public\/ojreningen\/calendar\/412851240\" target=\"_blank\" style=\"color: #d1d1d1;\">Link zum Termin<\/a><\/p><br><\/div><\/div><\/div>\n\t\t\t\t\t\t<\/div>\n\t\t\t\t<\/div>\n\t\t\t\t\t<\/div>\n\t\t<\/div>\n\t\t\t\t\t<\/div>\n\t\t<\/section>\n\t\t\t\t<\/div>\n\t\t","protected":false},"excerpt":{"rendered":"<p>Vereinsverwaltung von easyVerein<\/p>\n","protected":false},"author":1,"featured_media":0,"parent":0,"menu_order":0,"comment_status":"closed","ping_status":"closed","template":"","meta":{"site-sidebar-layout":"no-sidebar","site-content-layout":"page-builder","ast-site-content-layout":"full-width-container","site-content-style":"default","site-sidebar-style":"default","ast-global-header-display":"","ast-banner-title-visibility":"","ast-main-header-display":"","ast-hfb-above-header-display":"","ast-hfb-below-header-display":"","ast-hfb-mobile-header-display":"","site-post-title":"disabled","ast-breadcrumbs-content":"","ast-featured-img":"disabled","footer-sml-layout":"","theme-transparent-header-meta":"","adv-header-id-meta":"","stick-header-meta":"","header-above-stick-meta":"","header-main-stick-meta":"","header-below-stick-meta":"","astra-migrate-meta-layouts":"default","ast-page-background-enabled":"default","ast-page-background-meta":{"desktop":{"background-color":"var(--ast-global-color-4)","background-image":"","background-repeat":"repeat","background-position":"center center","background-size":"auto","background-attachment":"scroll","background-type":"","background-media":"","overlay-type":"","overlay-color":"","overlay-gradient":""},"tablet":{"background-color":"","background-image":"","background-repeat":"repeat","background-position":"center center","background-size":"auto","background-attachment":"scroll","background-type":"","background-media":"","overlay-type":"","overlay-color":"","overlay-gradient":""},"mobile":{"background-color":"","background-image":"","background-repeat":"repeat","background-position":"center center","background-size":"auto","background-attachment":"scroll","background-type":"","background-media":"","overlay-type":"","overlay-color":"","overlay-gradient":""}},"ast-content-background-meta":{"desktop":{"background-color":"var(--ast-global-color-5)","background-image":"","background-repeat":"repeat","background-position":"center center","background-size":"auto","background-attachment":"scroll","background-type":"","background-media":"","overlay-type":"","overlay-color":"","overlay-gradient":""},"tablet":{"background-color":"var(--ast-global-color-5)","background-image":"","background-repeat":"repeat","background-position":"center center","background-size":"auto","background-attachment":"scroll","background-type":"","background-media":"","overlay-type":"","overlay-color":"","overlay-gradient":""},"mobile":{"background-color":"var(--ast-global-color-5)","background-image":"","background-repeat":"repeat","background-position":"center center","background-size":"auto","background-attachment":"scroll","background-type":"","background-media":"","overlay-type":"","overlay-color":"","overlay-gradient":""}},"footnotes":""},"class_list":["post-820","page","type-page","status-publish","hentry"],"_links":{"self":[{"href":"https:\/\/testverein.org\/index.php\/wp-json\/wp\/v2\/pages\/820","targetHints":{"allow":["GET"]}}],"collection":[{"href":"https:\/\/testverein.org\/index.php\/wp-json\/wp\/v2\/pages"}],"about":[{"href":"https:\/\/testverein.org\/index.php\/wp-json\/wp\/v2\/types\/page"}],"author":[{"embeddable":true,"href":"https:\/\/testverein.org\/index.php\/wp-json\/wp\/v2\/users\/1"}],"replies":[{"embeddable":true,"href":"https:\/\/testverein.org\/index.php\/wp-json\/wp\/v2\/comments?post=820"}],"version-history":[{"count":4,"href":"https:\/\/testverein.org\/index.php\/wp-json\/wp\/v2\/pages\/820\/revisions"}],"predecessor-version":[{"id":1080,"href":"https:\/\/testverein.org\/index.php\/wp-json\/wp\/v2\/pages\/820\/revisions\/1080"}],"wp:attachment":[{"href":"https:\/\/testverein.org\/index.php\/wp-json\/wp\/v2\/media?parent=820"}],"curies":[{"name":"wp","href":"https:\/\/api.w.org\/{rel}","templated":true}]}}